{"id":437,"date":"2024-02-01T15:11:29","date_gmt":"2024-02-01T14:11:29","guid":{"rendered":"https:\/\/hajerchelbi.com\/?page_id=437"},"modified":"2026-04-07T15:38:43","modified_gmt":"2026-04-07T13:38:43","slug":"pack-avec-theme","status":"publish","type":"page","link":"https:\/\/hajerchelbi.com\/index.php\/pack-avec-theme\/","title":{"rendered":"Pack Anniversaire"},"content":{"rendered":"[vc_row type=&#8221;in_container&#8221; full_screen_row_position=&#8221;middle&#8221; column_margin=&#8221;default&#8221; column_direction=&#8221;default&#8221; column_direction_tablet=&#8221;default&#8221; column_direction_phone=&#8221;default&#8221; scene_position=&#8221;center&#8221; text_color=&#8221;dark&#8221; text_align=&#8221;left&#8221; row_border_radius=&#8221;none&#8221; row_border_radius_applies=&#8221;bg&#8221; overflow=&#8221;visible&#8221; overlay_strength=&#8221;0.3&#8243; gradient_direction=&#8221;left_to_right&#8221; shape_divider_position=&#8221;bottom&#8221; bg_image_animation=&#8221;none&#8221;][vc_column column_padding=&#8221;no-extra-padding&#8221; column_padding_tablet=&#8221;inherit&#8221; column_padding_phone=&#8221;inherit&#8221; column_padding_position=&#8221;all&#8221; column_element_direction_desktop=&#8221;default&#8221; column_element_spacing=&#8221;default&#8221; desktop_text_alignment=&#8221;default&#8221; tablet_text_alignment=&#8221;default&#8221; phone_text_alignment=&#8221;default&#8221; background_color_opacity=&#8221;1&#8243; background_hover_color_opacity=&#8221;1&#8243; column_backdrop_filter=&#8221;none&#8221; column_shadow=&#8221;none&#8221; column_border_radius=&#8221;none&#8221; column_link_target=&#8221;_self&#8221; column_position=&#8221;default&#8221; gradient_direction=&#8221;left_to_right&#8221; overlay_strength=&#8221;0.3&#8243; width=&#8221;1\/1&#8243; tablet_width_inherit=&#8221;default&#8221; animation_type=&#8221;default&#8221; bg_image_animation=&#8221;none&#8221; border_type=&#8221;simple&#8221; column_border_width=&#8221;none&#8221; column_border_style=&#8221;solid&#8221;][divider line_type=&#8221;No Line&#8221;][vc_custom_heading text=&#8221;Packs anniversaire&#8221; font_container=&#8221;tag:h2|font_size:48px|text_align:center|color:%231c7dd8|line_height:57px&#8221; use_theme_fonts=&#8221;yes&#8221; css_animation=&#8221;none&#8221;][divider line_type=&#8221;No Line&#8221;][vc_row_inner equal_height=&#8221;yes&#8221; column_margin=&#8221;40px&#8221; column_direction=&#8221;default&#8221; column_direction_tablet=&#8221;default&#8221; column_direction_phone=&#8221;default&#8221; text_align=&#8221;left&#8221; row_position=&#8221;default&#8221; row_position_tablet=&#8221;inherit&#8221; row_position_phone=&#8221;inherit&#8221; overflow=&#8221;visible&#8221; pointer_events=&#8221;all&#8221;][vc_column_inner top_padding_desktop=&#8221;40&#8243; constrain_group_100=&#8221;yes&#8221; bottom_padding_desktop=&#8221;40&#8243; left_padding_desktop=&#8221;40&#8243; constrain_group_101=&#8221;yes&#8221; right_padding_desktop=&#8221;40&#8243; column_element_direction_desktop=&#8221;default&#8221; column_element_spacing=&#8221;10px&#8221; desktop_text_alignment=&#8221;default&#8221; tablet_text_alignment=&#8221;default&#8221; phone_text_alignment=&#8221;default&#8221; background_color=&#8221;#f5ede6&#8243; background_color_opacity=&#8221;1&#8243; background_hover_color_opacity=&#8221;1&#8243; column_backdrop_filter=&#8221;none&#8221; font_color=&#8221;#ffffff&#8221; column_shadow=&#8221;custom&#8221; column_border_radius=&#8221;15px&#8221; column_link_target=&#8221;_self&#8221; zindex=&#8221;100&#8243; overflow=&#8221;hidden&#8221; advanced_gradient_angle=&#8221;0&#8243; gradient_direction=&#8221;left_to_right&#8221; overlay_strength=&#8221;0.3&#8243; width=&#8221;1\/3&#8243; tablet_width_inherit=&#8221;default&#8221; animation_type=&#8221;default&#8221; bg_image_animation=&#8221;none&#8221; border_type=&#8221;simple&#8221; column_border_width=&#8221;none&#8221; column_border_style=&#8221;solid&#8221; gradient_type=&#8221;default&#8221; padding_type=&#8221;advanced&#8221; column_padding_type=&#8221;advanced&#8221; column_shadow_custom=&#8221;&#8221; custom_box_shadow=&#8221;horizontal:40,vertical:60,blur:60,spread:-20,opacity:0.175&#8243;][nectar_responsive_text font_style=&#8221;h4&#8243; content_alignment=&#8221;default&#8221; mobile_content_alignment=&#8221;inherit&#8221; font_size=&#8221;5vw&#8221; font_line_height=&#8221;1&#8243; font_size_desktop=&#8221;2vw&#8221; font_size_tablet=&#8221;3vw&#8221; font_size_phone=&#8221;16&#8243; text_direction=&#8221;default&#8221;]<span style=\"color: #000000;\">Pack Minimaliste<\/span>[\/nectar_responsive_text][nectar_price_typography before_text_scale=&#8221;0.4&#8243; after_text_scale=&#8221;0.4&#8243; font_style=&#8221;h3&#8243; text_color=&#8221;#000000&#8243; price_text=&#8221;280&#8243; after_text=&#8221;Dinars&#8221; font_size_desktop=&#8221;4vw&#8221; font_size_tablet=&#8221;7vw&#8221; font_line_height=&#8221;1.5&#8243;][divider line_type=&#8221;No Line&#8221; custom_height=&#8221;15&#8243;]<div class=\"nectar-fancy-ul font_size_min_16px font_size_desktop_1-1vw\" data-list-icon=\"dot\" data-animation=\"true\" data-animation-delay=\"0\" data-spacing=\"10px\" data-alignment=\"left\"> \n<ul>\n<li><span style=\"color: #000000;\">Session de 35 Minutes<\/span><\/li>\n<li><span style=\"color: #000000;\">Un th\u00e8me minimaliste<\/span><\/li>\n<li><span style=\"color: #000000;\">Un g\u00e2teau inclus<\/span><\/li>\n<li><span style=\"color: #000000;\">Accessories et costumes inclus<\/span><\/li>\n<li><span style=\"color: #000000;\">15 photos num\u00e9riques en HD<\/span><\/li>\n<\/ul>\n <\/div>[divider line_type=&#8221;No Line&#8221; custom_height=&#8221;90&#8243;][nectar_cta btn_style=&#8221;text-reveal-wave&#8221; heading_tag=&#8221;span&#8221; button_color=&#8221;white&#8221; text_color=&#8221;#000000&#8243; button_border_thickness=&#8221;0px&#8221; link_type=&#8221;regular&#8221; alignment=&#8221;center&#8221; alignment_tablet=&#8221;default&#8221; alignment_phone=&#8221;default&#8221; constrain_group_3=&#8221;yes&#8221; constrain_group_4=&#8221;yes&#8221; display=&#8221;block&#8221; display_tablet=&#8221;inherit&#8221; display_phone=&#8221;inherit&#8221; icon_family=&#8221;none&#8221; position_desktop=&#8221;absolute&#8221; bottom_position_desktop=&#8221;40&#8243; left_position_desktop=&#8221;40&#8243; right_position_desktop=&#8221;40&#8243; padding_top=&#8221;0.8em&#8221; padding_bottom=&#8221;0.8em&#8221; padding_left=&#8221;40&#8243; padding_right=&#8221;40&#8243; link_text=&#8221;Voir photos&#8221; url=&#8221;https:\/\/hajerchelbi.com\/index.php\/portfolio\/&#8221;][\/vc_column_inner][vc_column_inner top_padding_desktop=&#8221;40&#8243; constrain_group_100=&#8221;yes&#8221; bottom_padding_desktop=&#8221;40&#8243; left_padding_desktop=&#8221;40&#8243; constrain_group_101=&#8221;yes&#8221; right_padding_desktop=&#8221;40&#8243; column_element_direction_desktop=&#8221;default&#8221; column_element_spacing=&#8221;10px&#8221; desktop_text_alignment=&#8221;default&#8221; tablet_text_alignment=&#8221;default&#8221; phone_text_alignment=&#8221;default&#8221; background_color=&#8221;#fff0ed&#8221; background_color_opacity=&#8221;1&#8243; background_hover_color_opacity=&#8221;1&#8243; column_backdrop_filter=&#8221;none&#8221; font_color=&#8221;#000000&#8243; column_shadow=&#8221;none&#8221; column_border_radius=&#8221;15px&#8221; column_link_target=&#8221;_self&#8221; overflow=&#8221;visible&#8221; advanced_gradient_angle=&#8221;0&#8243; gradient_direction=&#8221;left_to_right&#8221; overlay_strength=&#8221;0.3&#8243; width=&#8221;1\/3&#8243; tablet_width_inherit=&#8221;default&#8221; animation_type=&#8221;default&#8221; bg_image_animation=&#8221;none&#8221; border_type=&#8221;simple&#8221; column_border_width=&#8221;none&#8221; column_border_style=&#8221;solid&#8221; column_padding_type=&#8221;advanced&#8221; gradient_type=&#8221;default&#8221;][nectar_responsive_text font_style=&#8221;h4&#8243; content_alignment=&#8221;default&#8221; mobile_content_alignment=&#8221;inherit&#8221; font_size=&#8221;5vw&#8221; font_line_height=&#8221;1&#8243; font_size_desktop=&#8221;2vw&#8221; font_size_tablet=&#8221;3vw&#8221; font_size_phone=&#8221;16px&#8221; text_direction=&#8221;default&#8221;]Pack Personnalis\u00e9[\/nectar_responsive_text][nectar_price_typography before_text_scale=&#8221;0.4&#8243; after_text_scale=&#8221;0.4&#8243; font_style=&#8221;h3&#8243; price_text=&#8221;350&#8243; after_text=&#8221;Dinars&#8221; font_size_desktop=&#8221;4vw&#8221; font_size_tablet=&#8221;7vw&#8221; font_line_height=&#8221;1.5&#8243;][divider line_type=&#8221;No Line&#8221; custom_height=&#8221;15&#8243;]<div class=\"nectar-fancy-ul font_size_min_16px font_size_desktop_1-1vw\" data-list-icon=\"dot\" data-animation=\"true\" data-animation-delay=\"0\" data-spacing=\"10px\" data-alignment=\"left\"> \n<ul>\n<li>Session de 45 minutes<\/li>\n<li>Un th\u00e8me personnalis\u00e9<\/li>\n<li>Un vrai g\u00e2teau inclus<\/li>\n<li>Accessoires et costumes inclus<\/li>\n<li>20 photos num\u00e9riques en HD<\/li>\n<\/ul>\n <\/div>[divider line_type=&#8221;No Line&#8221; custom_height=&#8221;90&#8243;][nectar_cta btn_style=&#8221;text-reveal-wave&#8221; heading_tag=&#8221;span&#8221; button_color=&#8221;white&#8221; text_color=&#8221;#000000&#8243; button_border_thickness=&#8221;0px&#8221; link_type=&#8221;regular&#8221; alignment=&#8221;center&#8221; alignment_tablet=&#8221;default&#8221; alignment_phone=&#8221;default&#8221; constrain_group_3=&#8221;yes&#8221; constrain_group_4=&#8221;yes&#8221; display=&#8221;block&#8221; display_tablet=&#8221;inherit&#8221; display_phone=&#8221;inherit&#8221; icon_family=&#8221;none&#8221; position_desktop=&#8221;absolute&#8221; bottom_position_desktop=&#8221;40&#8243; left_position_desktop=&#8221;40&#8243; right_position_desktop=&#8221;40&#8243; padding_top=&#8221;0.8em&#8221; padding_bottom=&#8221;0.8em&#8221; padding_left=&#8221;40&#8243; padding_right=&#8221;40&#8243; link_text=&#8221;Voir photos&#8221; url=&#8221;https:\/\/hajerchelbi.com\/index.php\/portfolio\/&#8221;][\/vc_column_inner][vc_column_inner top_padding_desktop=&#8221;40&#8243; constrain_group_100=&#8221;yes&#8221; bottom_padding_desktop=&#8221;40&#8243; left_padding_desktop=&#8221;40&#8243; constrain_group_101=&#8221;yes&#8221; right_padding_desktop=&#8221;40&#8243; column_element_direction_desktop=&#8221;default&#8221; column_element_spacing=&#8221;10px&#8221; desktop_text_alignment=&#8221;default&#8221; tablet_text_alignment=&#8221;default&#8221; phone_text_alignment=&#8221;default&#8221; background_color=&#8221;#cfe1f2&#8243; background_color_opacity=&#8221;1&#8243; background_hover_color_opacity=&#8221;1&#8243; column_backdrop_filter=&#8221;none&#8221; column_shadow=&#8221;none&#8221; column_border_radius=&#8221;15px&#8221; column_link_target=&#8221;_self&#8221; overflow=&#8221;visible&#8221; advanced_gradient_angle=&#8221;0&#8243; gradient_direction=&#8221;left_to_right&#8221; overlay_strength=&#8221;0.3&#8243; width=&#8221;1\/3&#8243; tablet_width_inherit=&#8221;default&#8221; animation_type=&#8221;default&#8221; bg_image_animation=&#8221;none&#8221; border_type=&#8221;simple&#8221; column_border_width=&#8221;none&#8221; column_border_style=&#8221;solid&#8221; gradient_type=&#8221;default&#8221; column_padding_type=&#8221;advanced&#8221;][nectar_responsive_text font_style=&#8221;h4&#8243; content_alignment=&#8221;default&#8221; mobile_content_alignment=&#8221;inherit&#8221; font_size=&#8221;5vw&#8221; font_line_height=&#8221;1&#8243; font_size_desktop=&#8221;2vw&#8221; font_size_tablet=&#8221;3vw&#8221; font_size_phone=&#8221;16px&#8221; text_direction=&#8221;default&#8221;]Pack Premium[\/nectar_responsive_text][nectar_price_typography before_text_scale=&#8221;0.4&#8243; after_text_scale=&#8221;0.4&#8243; font_style=&#8221;h3&#8243; price_text=&#8221;450&#8243; after_text=&#8221;Dinars&#8221; font_size_desktop=&#8221;4vw&#8221; font_size_tablet=&#8221;7vw&#8221; font_line_height=&#8221;1.5&#8243;][divider line_type=&#8221;No Line&#8221; custom_height=&#8221;15&#8243;]<div class=\"nectar-fancy-ul font_size_min_16px font_size_desktop_1-1vw\" data-list-icon=\"dot\" data-animation=\"true\" data-animation-delay=\"0\" data-spacing=\"10px\" data-alignment=\"left\"> \n<ul>\n<li><span style=\"color: #000000;\">Session de 1 heure <\/span><\/li>\n<li><span style=\"color: #000000;\">Th\u00e8me personnalis\u00e9 <\/span><\/li>\n<li><span style=\"color: #000000;\">Un vrai g\u00e2teau inclus<\/span><\/li>\n<li><span style=\"color: #000000;\">Accessories et costumes inclus<\/span><\/li>\n<li><span style=\"color: #000000;\">Shooting avec les parents<\/span><\/li>\n<li><span style=\"color: #000000;\">Production et \u00e9dition d\u2019un R\u00e9el<\/span><\/li>\n<li><span style=\"color: #000000;\">25 photos num\u00e9riques en HD<\/span><\/li>\n<\/ul>\n <\/div>[divider line_type=&#8221;No Line&#8221; custom_height=&#8221;90&#8243;][nectar_cta btn_style=&#8221;text-reveal-wave&#8221; heading_tag=&#8221;span&#8221; button_color=&#8221;white&#8221; text_color=&#8221;#000000&#8243; button_border_thickness=&#8221;0px&#8221; link_type=&#8221;regular&#8221; alignment=&#8221;center&#8221; alignment_tablet=&#8221;default&#8221; alignment_phone=&#8221;default&#8221; constrain_group_3=&#8221;yes&#8221; constrain_group_4=&#8221;yes&#8221; display=&#8221;block&#8221; display_tablet=&#8221;inherit&#8221; display_phone=&#8221;inherit&#8221; icon_family=&#8221;none&#8221; position_desktop=&#8221;absolute&#8221; bottom_position_desktop=&#8221;40&#8243; left_position_desktop=&#8221;40&#8243; right_position_desktop=&#8221;40&#8243; padding_top=&#8221;0.8em&#8221; padding_bottom=&#8221;0.8em&#8221; padding_left=&#8221;40&#8243; padding_right=&#8221;40&#8243; link_text=&#8221;Voir photos&#8221; url=&#8221;https:\/\/hajerchelbi.com\/index.php\/portfolio\/&#8221;][\/vc_column_inner][\/vc_row_inner][\/vc_column][\/vc_row][vc_row type=&#8221;in_container&#8221; full_screen_row_position=&#8221;middle&#8221; column_margin=&#8221;default&#8221; column_direction=&#8221;default&#8221; column_direction_tablet=&#8221;default&#8221; column_direction_phone=&#8221;default&#8221; scene_position=&#8221;center&#8221; text_color=&#8221;dark&#8221; text_align=&#8221;left&#8221; row_border_radius=&#8221;none&#8221; row_border_radius_applies=&#8221;bg&#8221; overflow=&#8221;visible&#8221; overlay_strength=&#8221;0.3&#8243; gradient_direction=&#8221;left_to_right&#8221; shape_divider_position=&#8221;bottom&#8221; bg_image_animation=&#8221;none&#8221;][vc_column column_padding=&#8221;no-extra-padding&#8221; column_padding_tablet=&#8221;inherit&#8221; column_padding_phone=&#8221;inherit&#8221; column_padding_position=&#8221;all&#8221; column_element_direction_desktop=&#8221;default&#8221; column_element_spacing=&#8221;default&#8221; desktop_text_alignment=&#8221;default&#8221; tablet_text_alignment=&#8221;default&#8221; phone_text_alignment=&#8221;default&#8221; background_color_opacity=&#8221;1&#8243; background_hover_color_opacity=&#8221;1&#8243; column_backdrop_filter=&#8221;none&#8221; column_shadow=&#8221;none&#8221; column_border_radius=&#8221;none&#8221; column_link_target=&#8221;_self&#8221; column_position=&#8221;default&#8221; gradient_direction=&#8221;left_to_right&#8221; overlay_strength=&#8221;0.3&#8243; width=&#8221;1\/1&#8243; tablet_width_inherit=&#8221;default&#8221; animation_type=&#8221;default&#8221; bg_image_animation=&#8221;none&#8221; border_type=&#8221;simple&#8221; column_border_width=&#8221;none&#8221; column_border_style=&#8221;solid&#8221;][divider line_type=&#8221;No Line&#8221;][vc_column_text text_direction=&#8221;default&#8221;]\ud83d\udccc Conditions :<\/p>\n<p>* Le d\u00e9lai de livraison des photos \u00e9dit\u00e9es est d\u2019une semaine apr\u00e8s la s\u00e9ance.<br \/>\n* Le montant total du pack est \u00e0 r\u00e9gler le jour de la s\u00e9ance.<br \/>\n* Si vous souhaitez recevoir toutes les photos non \u00e9dit\u00e9es, un suppl\u00e9ment de 100 DT est \u00e0 r\u00e9gler \u00e0 l\u2019avance.<br \/>\n* Toute retouche ou modification suppl\u00e9mentaire apr\u00e8s la livraison des photos finales est factur\u00e9e 50 DT par image.[\/vc_column_text][\/vc_column][\/vc_row][vc_row type=&#8221;in_container&#8221; full_screen_row_position=&#8221;middle&#8221; column_margin=&#8221;default&#8221; column_direction=&#8221;default&#8221; column_direction_tablet=&#8221;default&#8221; column_direction_phone=&#8221;default&#8221; scene_position=&#8221;center&#8221; text_color=&#8221;dark&#8221; text_align=&#8221;left&#8221; row_border_radius=&#8221;none&#8221; row_border_radius_applies=&#8221;bg&#8221; overflow=&#8221;visible&#8221; overlay_strength=&#8221;0.3&#8243; gradient_direction=&#8221;left_to_right&#8221; shape_divider_position=&#8221;bottom&#8221; bg_image_animation=&#8221;none&#8221;][vc_column column_padding=&#8221;no-extra-padding&#8221; column_padding_tablet=&#8221;inherit&#8221; column_padding_phone=&#8221;inherit&#8221; column_padding_position=&#8221;all&#8221; column_element_direction_desktop=&#8221;default&#8221; column_element_spacing=&#8221;default&#8221; desktop_text_alignment=&#8221;default&#8221; tablet_text_alignment=&#8221;default&#8221; phone_text_alignment=&#8221;default&#8221; background_color_opacity=&#8221;1&#8243; background_hover_color_opacity=&#8221;1&#8243; column_backdrop_filter=&#8221;none&#8221; column_shadow=&#8221;none&#8221; column_border_radius=&#8221;none&#8221; column_link_target=&#8221;_self&#8221; column_position=&#8221;default&#8221; gradient_direction=&#8221;left_to_right&#8221; overlay_strength=&#8221;0.3&#8243; width=&#8221;1\/1&#8243; tablet_width_inherit=&#8221;default&#8221; animation_type=&#8221;default&#8221; bg_image_animation=&#8221;none&#8221; border_type=&#8221;simple&#8221; column_border_width=&#8221;none&#8221; column_border_style=&#8221;solid&#8221;][\/vc_column][\/vc_row]\n","protected":false},"excerpt":{"rendered":"<p>[vc_row type=&#8221;in_container&#8221; full_screen_row_position=&#8221;middle&#8221; column_margin=&#8221;default&#8221; column_direction=&#8221;default&#8221; column_direction_tablet=&#8221;default&#8221; column_direction_phone=&#8221;default&#8221; scene_position=&#8221;center&#8221; text_color=&#8221;dark&#8221; text_align=&#8221;left&#8221; row_border_radius=&#8221;none&#8221; row_border_radius_applies=&#8221;bg&#8221; overflow=&#8221;visible&#8221; overlay_strength=&#8221;0.3&#8243; gradient_direction=&#8221;left_to_right&#8221; shape_divider_position=&#8221;bottom&#8221; bg_image_animation=&#8221;none&#8221;][vc_column column_padding=&#8221;no-extra-padding&#8221; column_padding_tablet=&#8221;inherit&#8221; column_padding_phone=&#8221;inherit&#8221; column_padding_position=&#8221;all&#8221; column_element_direction_desktop=&#8221;default&#8221; column_element_spacing=&#8221;default&#8221; desktop_text_alignment=&#8221;default&#8221; tablet_text_alignment=&#8221;default&#8221; phone_text_alignment=&#8221;default&#8221; background_color_opacity=&#8221;1&#8243; background_hover_color_opacity=&#8221;1&#8243; column_backdrop_filter=&#8221;none&#8221; column_shadow=&#8221;none&#8221;&#8230;<\/p>\n","protected":false},"author":1,"featured_media":0,"parent":0,"menu_order":0,"comment_status":"closed","ping_status":"closed","template":"","meta":{"om_disable_all_campaigns":false,"_uag_custom_page_level_css":"","_monsterinsights_skip_tracking":false,"_monsterinsights_sitenote_active":false,"_monsterinsights_sitenote_note":"","_monsterinsights_sitenote_category":0,"footnotes":""},"class_list":["post-437","page","type-page","status-publish"],"aioseo_notices":[],"uagb_featured_image_src":{"full":false,"thumbnail":false,"medium":false,"medium_large":false,"large":false,"1536x1536":false,"2048x2048":false,"portfolio-thumb":false,"nectar_small_square":false,"portfolio-thumb_large":false,"portfolio-thumb_small":false,"portfolio-widget":false,"wide":false,"wide_photography":false,"wide_small":false,"regular":false,"regular_small":false,"tall":false,"wide_tall":false,"large_featured":false,"medium_featured":false},"uagb_author_info":{"display_name":"hajerchelbi.com","author_link":"https:\/\/hajerchelbi.com\/index.php\/author\/hajerchelbi-com\/"},"uagb_comment_info":0,"uagb_excerpt":"[vc_row type=&#8221;in_container&#8221; full_screen_row_position=&#8221;middle&#8221; column_margin=&#8221;default&#8221; column_direction=&#8221;default&#8221; column_direction_tablet=&#8221;default&#8221; column_direction_phone=&#8221;default&#8221; scene_position=&#8221;center&#8221; text_color=&#8221;dark&#8221; text_align=&#8221;left&#8221; row_border_radius=&#8221;none&#8221; row_border_radius_applies=&#8221;bg&#8221; overflow=&#8221;visible&#8221; overlay_strength=&#8221;0.3&#8243; gradient_direction=&#8221;left_to_right&#8221; shape_divider_position=&#8221;bottom&#8221; bg_image_animation=&#8221;none&#8221;][vc_column column_padding=&#8221;no-extra-padding&#8221; column_padding_tablet=&#8221;inherit&#8221; column_padding_phone=&#8221;inherit&#8221; column_padding_position=&#8221;all&#8221; column_element_direction_desktop=&#8221;default&#8221; column_element_spacing=&#8221;default&#8221; desktop_text_alignment=&#8221;default&#8221; tablet_text_alignment=&#8221;default&#8221; phone_text_alignment=&#8221;default&#8221; background_color_opacity=&#8221;1&#8243; background_hover_color_opacity=&#8221;1&#8243; column_backdrop_filter=&#8221;none&#8221; column_shadow=&#8221;none&#8221;...","_links":{"self":[{"href":"https:\/\/hajerchelbi.com\/index.php\/wp-json\/wp\/v2\/pages\/437","targetHints":{"allow":["GET"]}}],"collection":[{"href":"https:\/\/hajerchelbi.com\/index.php\/wp-json\/wp\/v2\/pages"}],"about":[{"href":"https:\/\/hajerchelbi.com\/index.php\/wp-json\/wp\/v2\/types\/page"}],"author":[{"embeddable":true,"href":"https:\/\/hajerchelbi.com\/index.php\/wp-json\/wp\/v2\/users\/1"}],"replies":[{"embeddable":true,"href":"https:\/\/hajerchelbi.com\/index.php\/wp-json\/wp\/v2\/comments?post=437"}],"version-history":[{"count":219,"href":"https:\/\/hajerchelbi.com\/index.php\/wp-json\/wp\/v2\/pages\/437\/revisions"}],"predecessor-version":[{"id":1235,"href":"https:\/\/hajerchelbi.com\/index.php\/wp-json\/wp\/v2\/pages\/437\/revisions\/1235"}],"wp:attachment":[{"href":"https:\/\/hajerchelbi.com\/index.php\/wp-json\/wp\/v2\/media?parent=437"}],"curies":[{"name":"wp","href":"https:\/\/api.w.org\/{rel}","templated":true}]}}